{"id":492,"date":"2025-08-05T14:00:16","date_gmt":"2025-08-05T18:00:16","guid":{"rendered":"https:\/\/simplybloomsocial.com\/politique-de-confidentialite\/"},"modified":"2025-10-04T10:01:26","modified_gmt":"2025-10-04T14:01:26","slug":"politique-de-confidentialite","status":"publish","type":"page","link":"https:\/\/simplybloomsocial.com\/fr\/politique-de-confidentialite\/","title":{"rendered":"Politique de confidentialit\u00e9"},"content":{"rendered":"\t\t<div data-elementor-type=\"wp-page\" data-elementor-id=\"492\" class=\"elementor elementor-492 elementor-471\" data-elementor-post-type=\"page\">\n\t\t\t\t<div class=\"elementor-element elementor-element-0913e2f e-flex e-con-boxed e-con e-parent\" data-id=\"0913e2f\" data-element_type=\"container\" data-e-type=\"container\">\n\t\t\t\t\t<div class=\"e-con-inner\">\n\t\t\t\t<div class=\"elementor-element elementor-element-3d8adb1 elementor-widget elementor-widget-text-editor\" data-id=\"3d8adb1\" data-element_type=\"widget\" data-e-type=\"widget\" data-widget_type=\"text-editor.default\">\n\t\t\t\t\t\t\t\t\t<h1>Politique de confidentialit\u00e9<\/h1><p><br><em>Derni\u00e8re mise \u00e0 jour le 03-Oct-2025 <\/em><br><em>Date d&rsquo;entr\u00e9e en vigueur 03-Oct-2025<\/em><br>La pr\u00e9sente politique de confidentialit\u00e9 d\u00e9crit les politiques de CARACORP PRODUCTIONS INC. (SIMPLY BLOOM SOCIAL), 265 Rue Saint-Jacques, QC H2Y1M6, Canada, courriel : <br><a href=\"mailto:cara@simplybloomsocial.com\">cara@simplybloomsocial.com<\/a><br>, t\u00e9l\u00e9phone : 5149668645 sur la collecte, l&rsquo;utilisation et la divulgation des informations que nous recueillons lorsque vous utilisez notre site Web ( <br><a href=\"https:\/\/simplybloomsocial.com\/fr\/\">https:\/\/simplybloomsocial.com<\/a><br>). (le \u00ab\u00a0Service\u00a0\u00bb). En acc\u00e9dant au service ou en l&rsquo;utilisant, vous consentez \u00e0 la collecte, \u00e0 l&rsquo;utilisation et \u00e0 la divulgation de vos informations conform\u00e9ment \u00e0 la pr\u00e9sente politique de confidentialit\u00e9. Si vous n&rsquo;y consentez pas, veuillez ne pas acc\u00e9der au service ni l&rsquo;utiliser.    <br> Nous pouvons modifier la pr\u00e9sente politique de confidentialit\u00e9 \u00e0 tout moment sans vous en informer au pr\u00e9alable et nous publierons la politique de confidentialit\u00e9 r\u00e9vis\u00e9e sur le service. La politique r\u00e9vis\u00e9e entrera en vigueur 180 jours apr\u00e8s sa publication dans le service et votre acc\u00e8s ou utilisation continue du service apr\u00e8s cette date constituera votre acceptation de la politique r\u00e9vis\u00e9e de protection de la vie priv\u00e9e. Nous vous recommandons donc de consulter r\u00e9guli\u00e8rement cette page.   <br> <\/p><h2>Les informations que nous recueillons :<\/h2><div> Nous collecterons et traiterons les informations personnelles suivantes vous concernant :<\/div><ul><li>Nom<\/li><li>Courriel<\/li><li>Profil des m\u00e9dias sociaux<\/li><\/ul><div> <\/div><h2>Comment nous utilisons vos informations :<\/h2><p> Nous utiliserons les informations que nous recueillons \u00e0 votre sujet aux fins suivantes :<\/p><ul><li> Marketing\/ Promotion<\/li><li>T\u00e9moignages<\/li><li>Collecte des commentaires des clients<\/li><li> Publicit\u00e9 cibl\u00e9e<\/li><\/ul><p> Si nous voulons utiliser vos informations \u00e0 d&rsquo;autres fins, nous vous demanderons votre consentement et nous n&rsquo;utiliserons vos informations qu&rsquo;apr\u00e8s avoir re\u00e7u votre consentement et, dans ce cas, uniquement aux fins pour lesquelles vous avez donn\u00e9 votre consentement, sauf si la loi nous oblige \u00e0 faire autrement.<\/p><h2><br> Comment nous partageons vos informations :<\/h2><p> Nous ne transf\u00e9rerons pas vos informations personnelles \u00e0 un tiers sans votre consentement, sauf dans les circonstances limit\u00e9es d\u00e9crites ci-dessous :<\/p><ul><li> Service de publicit\u00e9<\/li><li>Agences de marketing<\/li><li>Analyse<\/li><li>Collecte de donn\u00e9es &amp; ; processus<\/li><\/ul><p> Nous exigeons de ces tiers qu&rsquo;ils n&rsquo;utilisent les informations personnelles que nous leur transf\u00e9rons qu&rsquo;aux fins pour lesquelles elles ont \u00e9t\u00e9 transf\u00e9r\u00e9es et qu&rsquo;ils ne les conservent pas plus longtemps qu&rsquo;il n&rsquo;est n\u00e9cessaire pour atteindre lesdites fins. <br> Nous pouvons \u00e9galement divulguer vos informations personnelles dans les cas suivants : (1) se conformer \u00e0 la loi, \u00e0 la r\u00e9glementation, \u00e0 l&rsquo;ordonnance d&rsquo;un tribunal ou \u00e0 toute autre proc\u00e9dure judiciaire applicable ; (2) faire respecter les accords que vous avez conclus avec nous, y compris la pr\u00e9sente politique de confidentialit\u00e9 ; ou (3) r\u00e9pondre \u00e0 des r\u00e9clamations selon lesquelles votre utilisation du service viole les droits d&rsquo;une tierce partie. Si le service ou notre soci\u00e9t\u00e9 est fusionn\u00e9 ou acquis par une autre soci\u00e9t\u00e9, vos informations seront l&rsquo;un des actifs transf\u00e9r\u00e9s au nouveau propri\u00e9taire. <\/p><h2>Conservation de vos informations :<\/h2><div> Nous conserverons vos informations personnelles pendant 90 jours \u00e0 2 ans apr\u00e8s que les utilisateurs ont r\u00e9sili\u00e9 leur compte ou aussi longtemps que nous en aurons besoin pour atteindre les objectifs pour lesquels elles ont \u00e9t\u00e9 collect\u00e9es, comme indiqu\u00e9 dans la pr\u00e9sente politique de protection de la vie priv\u00e9e. Il se peut que nous devions conserver certaines informations pendant des p\u00e9riodes plus longues, par exemple pour la tenue de registres ou l&rsquo;\u00e9tablissement de rapports conform\u00e9ment \u00e0 la l\u00e9gislation applicable ou pour d&rsquo;autres raisons l\u00e9gitimes telles que l&rsquo;application de droits l\u00e9gaux, la pr\u00e9vention de la fraude, etc. Les informations anonymes r\u00e9siduelles et les informations agr\u00e9g\u00e9es, qui ne permettent pas de vous identifier (directement ou indirectement), peuvent \u00eatre stock\u00e9es ind\u00e9finiment.  <\/div><h2> Vos droits :<\/h2><div>En fonction de la l\u00e9gislation applicable, vous pouvez avoir un droit d&rsquo;acc\u00e8s et de rectification ou d&rsquo;effacement de vos donn\u00e9es \u00e0 caract\u00e8re personnel ou recevoir une copie de vos donn\u00e9es \u00e0 caract\u00e8re personnel, restreindre le traitement actif de vos donn\u00e9es ou vous y opposer, nous demander de partager (porter) vos donn\u00e9es \u00e0 caract\u00e8re personnel avec une autre entit\u00e9, retirer tout consentement que vous nous avez donn\u00e9 pour traiter vos donn\u00e9es, un droit de d\u00e9poser une plainte aupr\u00e8s d&rsquo;une autorit\u00e9 statutaire et d&rsquo;autres droits qui peuvent \u00eatre pertinents en vertu des lois applicables. Pour exercer ces droits, vous pouvez nous \u00e9crire \u00e0 l&rsquo;adresse suivante : <br>\n  <g id=\"gid_0\">cara@simplybloomsocial.com<\/g>\n  <br>. Nous r\u00e9pondrons \u00e0 votre demande conform\u00e9ment \u00e0 la l\u00e9gislation applicable.\n   <br> Veuillez noter que si vous ne nous autorisez pas \u00e0 collecter ou \u00e0 traiter les informations personnelles requises ou si vous retirez votre consentement au traitement de ces informations aux fins requises, il se peut que vous ne puissiez pas acc\u00e9der aux services pour lesquels vos informations ont \u00e9t\u00e9 demand\u00e9es, ni les utiliser.<\/div><h2>Cookies Etc.<\/h2><div> Pour en savoir plus sur la mani\u00e8re dont nous utilisons ces technologies et sur les choix qui s&rsquo;offrent \u00e0 vous en ce qui concerne ces technologies de suivi, veuillez consulter notre politique en mati\u00e8re de cookies.<\/div><h2>La s\u00e9curit\u00e9 :<\/h2><div> La s\u00e9curit\u00e9 de vos informations est importante pour nous et nous utiliserons des mesures de s\u00e9curit\u00e9 raisonnables pour emp\u00eacher la perte, l&rsquo;utilisation abusive ou la modification non autoris\u00e9e de vos informations sous notre contr\u00f4le. Toutefois, compte tenu des risques inh\u00e9rents, nous ne pouvons pas garantir une s\u00e9curit\u00e9 absolue et, par cons\u00e9quent, nous ne pouvons pas assurer ou garantir la s\u00e9curit\u00e9 des informations que vous nous transmettez et vous le faites \u00e0 vos propres risques.  <br> <\/div><h3> Liens avec des tiers et utilisation de vos informations :<\/h3><div> Notre service peut contenir des liens vers d&rsquo;autres sites web qui ne sont pas exploit\u00e9s par nous. La pr\u00e9sente politique de confidentialit\u00e9 ne traite pas de la politique de confidentialit\u00e9 et des autres pratiques des tiers, y compris des tiers exploitant un site web ou un service accessible par un lien sur le service. Nous vous conseillons vivement de consulter la politique de confidentialit\u00e9 de chaque site que vous visitez. Nous n&rsquo;avons aucun contr\u00f4le et n&rsquo;assumons aucune responsabilit\u00e9 quant au contenu, aux politiques de confidentialit\u00e9 ou aux pratiques des sites ou services tiers.   <\/div><h2><br> D\u00e9l\u00e9gu\u00e9 aux plaintes et \u00e0 la protection des donn\u00e9es :<\/h2><div> Si vous avez des questions ou des pr\u00e9occupations concernant le traitement de vos informations disponibles chez nous, vous pouvez envoyer un courriel \u00e0 notre responsable des griefs \u00e0 CARACORP PRODUCTIONS INC. (SIMPLY BLOOM SOCIAL), 265 Rue Saint-Jacques, courriel : <br>\n  <a href=\"mailto:cara@simplybloomsocial.com\">cara@simplybloomsocial.com<\/a>\n  <br>. Nous r\u00e9pondrons \u00e0 vos pr\u00e9occupations conform\u00e9ment \u00e0 la loi applicable.\n <\/div>\t\t\t\t\t\t\t\t<\/div>\n\t\t\t\t\t<\/div>\n\t\t\t\t<\/div>\n\t\t\t\t<\/div>\n\t\t","protected":false},"excerpt":{"rendered":"<p>Politique de confidentialit\u00e9 Derni\u00e8re mise \u00e0 jour le 03-Oct-2025 Date d&rsquo;entr\u00e9e en vigueur 03-Oct-2025La pr\u00e9sente politique de confidentialit\u00e9 d\u00e9crit les politiques de CARACORP PRODUCTIONS INC. (SIMPLY BLOOM SOCIAL), 265 Rue Saint-Jacques, QC H2Y1M6, Canada, courriel : cara@simplybloomsocial.com, t\u00e9l\u00e9phone : 5149668645 sur la collecte, l&rsquo;utilisation et la divulgation des informations que nous recueillons lorsque vous utilisez [&hellip;]<\/p>\n","protected":false},"author":1,"featured_media":0,"parent":0,"menu_order":0,"comment_status":"closed","ping_status":"closed","template":"","meta":{"footnotes":""},"class_list":["post-492","page","type-page","status-publish","hentry"],"_links":{"self":[{"href":"https:\/\/simplybloomsocial.com\/fr\/wp-json\/wp\/v2\/pages\/492","targetHints":{"allow":["GET"]}}],"collection":[{"href":"https:\/\/simplybloomsocial.com\/fr\/wp-json\/wp\/v2\/pages"}],"about":[{"href":"https:\/\/simplybloomsocial.com\/fr\/wp-json\/wp\/v2\/types\/page"}],"author":[{"embeddable":true,"href":"https:\/\/simplybloomsocial.com\/fr\/wp-json\/wp\/v2\/users\/1"}],"replies":[{"embeddable":true,"href":"https:\/\/simplybloomsocial.com\/fr\/wp-json\/wp\/v2\/comments?post=492"}],"version-history":[{"count":1,"href":"https:\/\/simplybloomsocial.com\/fr\/wp-json\/wp\/v2\/pages\/492\/revisions"}],"predecessor-version":[{"id":493,"href":"https:\/\/simplybloomsocial.com\/fr\/wp-json\/wp\/v2\/pages\/492\/revisions\/493"}],"wp:attachment":[{"href":"https:\/\/simplybloomsocial.com\/fr\/wp-json\/wp\/v2\/media?parent=492"}],"curies":[{"name":"wp","href":"https:\/\/api.w.org\/{rel}","templated":true}]}}