{"id":490,"date":"2025-08-05T13:58:42","date_gmt":"2025-08-05T17:58:42","guid":{"rendered":"https:\/\/simplybloomsocial.com\/politique-en-matiere-de-cookies\/"},"modified":"2025-10-04T09:56:02","modified_gmt":"2025-10-04T13:56:02","slug":"politique-en-matiere-de-cookies","status":"publish","type":"page","link":"https:\/\/simplybloomsocial.com\/fr\/politique-en-matiere-de-cookies\/","title":{"rendered":"Politique en mati\u00e8re de cookies"},"content":{"rendered":"\t\t<div data-elementor-type=\"wp-page\" data-elementor-id=\"490\" class=\"elementor elementor-490 elementor-468\" data-elementor-post-type=\"page\">\n\t\t\t\t<div class=\"elementor-element elementor-element-544b6e75 e-flex e-con-boxed e-con e-parent\" data-id=\"544b6e75\" data-element_type=\"container\" data-e-type=\"container\">\n\t\t\t\t\t<div class=\"e-con-inner\">\n\t\t\t\t<div class=\"elementor-element elementor-element-6a575c40 elementor-widget elementor-widget-text-editor\" data-id=\"6a575c40\" data-element_type=\"widget\" data-e-type=\"widget\" data-widget_type=\"text-editor.default\">\n\t\t\t\t\t\t\t\t\t\n<style>\n    a.cky-banner-element {\n        padding: 8px 30px;\n        background: #F8F9FA;\n        color: #858A8F;\n        border: 1px solid #DEE2E6;\n        box-sizing: border-box;\n        border-radius: 2px;\n        cursor: pointer;\n}\n<\/style>\n<h1 class=\"cookie-policy-h1\">Politique en mati\u00e8re de cookies<\/h1>\n<p>\n Date d&rsquo;entr\u00e9e en vigueur : 05 ao\u00fbt 2025<br>Derni\u00e8re mise \u00e0 jour : 05 ao\u00fbt 2025\n<\/p>\n\n&nbsp;\n<h5>Qu&rsquo;est-ce qu&rsquo;un Cookie?<\/h5>\n<div class=\"cookie-policy-p\"><p>La pr\u00e9sente Politique en mati\u00e8re de cookies explique ce que sont les cookies et comment nous les utilisons, les types de cookies que nous utilisons (c.-\u00e0-d. l\u2019information que nous recueillons gr\u00e2ce aux cookies et la fa\u00e7on dont elle est utilis\u00e9e), ainsi que la mani\u00e8re de g\u00e9rer vos pr\u00e9f\u00e9rences.<\/p> <p>Les cookies sont de petits fichiers texte qui permettent d\u2019enregistrer de br\u00e8ves informations. Ils sont stock\u00e9s sur votre appareil lorsque le site Web se charge dans votre navigateur. Ces cookies nous aident \u00e0 faire fonctionner le site correctement, \u00e0 le rendre plus s\u00e9curitaire, \u00e0 am\u00e9liorer l\u2019exp\u00e9rience utilisateur et \u00e0 comprendre la performance du site afin d\u2019analyser ce qui fonctionne bien et ce qui doit \u00eatre am\u00e9lior\u00e9.  <\/p><\/div>\n\n&nbsp;\n<h5>Comment utilisons-nous les cookies?<\/h5>\n<div class=\"cookie-policy-p\"><p>Comme la plupart des services en ligne, notre site utilise des cookies internes (first-party) et externes (third-party) \u00e0 diverses fins.<br>Cookies internes : essentiels au bon fonctionnement du site. Ils ne collectent aucune donn\u00e9e personnelle identifiable. <\/p> <p>Cookies externes : utilis\u00e9s pour comprendre comment le site fonctionne et comment vous interagissez avec celui-ci, pour maintenir nos services s\u00e9curis\u00e9s, vous offrir des publicit\u00e9s pertinentes et, plus largement, vous assurer une meilleure exp\u00e9rience et des interactions plus rapides lors de vos prochaines visites.<\/p><\/div>\n\n&nbsp;\n    <h5>Types de cookies que nous utilisons<\/h5>\n\n    <div class=\"cky-audit-table-element\"><\/div>\n\n&nbsp;\n    <h5 style=\"margin-bottom:20px;\">G\u00e9rer vos pr\u00e9f\u00e9rences en mati\u00e8re de cookies<\/h5>\n\n    <a class=\"cky-banner-element\">Param\u00e8tres des cookies<\/a> <br>\n    <div><p>Vous pouvez modifier vos pr\u00e9f\u00e9rences \u00e0 tout moment en cliquant sur le bouton ci-dessus. Cela vous permettra de r\u00e9afficher la banni\u00e8re de consentement et de changer vos choix ou de retirer votre consentement imm\u00e9diatement.  <\/p> <p>De plus, chaque navigateur offre diff\u00e9rentes m\u00e9thodes pour bloquer ou supprimer les cookies. Vous pouvez ajuster les param\u00e8tres de votre navigateur afin de bloquer\/supprimer les cookies. Voici les liens vers les pages d\u2019aide des principaux navigateurs :  <\/p> <p>Chrome: <a target=\"_blank\" href=\"https:\/\/support.google.com\/accounts\/answer\/32050\" rel=\"noopener\">https:\/\/support.google.com\/accounts\/answer\/32050<\/a><\/p><p>Safari: <a target=\"_blank\" href=\"https:\/\/support.apple.com\/en-in\/guide\/safari\/sfri11471\/mac\" rel=\"noopener\">https:\/\/support.apple.com\/en-in\/guide\/safari\/sfri11471\/mac<\/a><\/p><p>Firefox: <a target=\"_blank\" href=\"https:\/\/support.mozilla.org\/en-US\/kb\/clear-cookies-and-site-data-firefox?redirectslug=delete-cookies-remove-info-websites-stored&amp;redirectlocale=en-US\" rel=\"noopener\">https:\/\/support.mozilla.org\/en-US\/kb\/clear-cookies-and-site-data-firefox?redirectslug=delete-cookies-remove-info-websites-stored&amp;redirectlocale=en-US<\/a><\/p><p>Internet Explorer: <a target=\"_blank\" href=\"https:\/\/support.microsoft.com\/en-us\/topic\/how-to-delete-cookie-files-in-internet-explorer-bca9446f-d873-78de-77ba-d42645fa52fc\" rel=\"noopener\">https:\/\/support.microsoft.com\/en-us\/topic\/how-to-delete-cookie-files-in-internet-explorer-bca9446f-d873-78de-77ba-d42645fa52fc<\/a><\/p><p>Si vous utilisez un autre navigateur, veuillez consulter la documentation officielle de celui-ci.<\/p><\/div>\n\n\t\t\t\t\t\t\t\t<\/div>\n\t\t\t\t\t<\/div>\n\t\t\t\t<\/div>\n\t\t\t\t<\/div>\n\t\t","protected":false},"excerpt":{"rendered":"<p>Politique en mati\u00e8re de cookies Date d&rsquo;entr\u00e9e en vigueur : 05 ao\u00fbt 2025Derni\u00e8re mise \u00e0 jour : 05 ao\u00fbt 2025 &nbsp; Qu&rsquo;est-ce qu&rsquo;un Cookie? La pr\u00e9sente Politique en mati\u00e8re de cookies explique ce que sont les cookies et comment nous les utilisons, les types de cookies que nous utilisons (c.-\u00e0-d. l\u2019information que nous recueillons gr\u00e2ce [&hellip;]<\/p>\n","protected":false},"author":1,"featured_media":0,"parent":0,"menu_order":0,"comment_status":"closed","ping_status":"closed","template":"","meta":{"footnotes":""},"class_list":["post-490","page","type-page","status-publish","hentry"],"_links":{"self":[{"href":"https:\/\/simplybloomsocial.com\/fr\/wp-json\/wp\/v2\/pages\/490","targetHints":{"allow":["GET"]}}],"collection":[{"href":"https:\/\/simplybloomsocial.com\/fr\/wp-json\/wp\/v2\/pages"}],"about":[{"href":"https:\/\/simplybloomsocial.com\/fr\/wp-json\/wp\/v2\/types\/page"}],"author":[{"embeddable":true,"href":"https:\/\/simplybloomsocial.com\/fr\/wp-json\/wp\/v2\/users\/1"}],"replies":[{"embeddable":true,"href":"https:\/\/simplybloomsocial.com\/fr\/wp-json\/wp\/v2\/comments?post=490"}],"version-history":[{"count":1,"href":"https:\/\/simplybloomsocial.com\/fr\/wp-json\/wp\/v2\/pages\/490\/revisions"}],"predecessor-version":[{"id":491,"href":"https:\/\/simplybloomsocial.com\/fr\/wp-json\/wp\/v2\/pages\/490\/revisions\/491"}],"wp:attachment":[{"href":"https:\/\/simplybloomsocial.com\/fr\/wp-json\/wp\/v2\/media?parent=490"}],"curies":[{"name":"wp","href":"https:\/\/api.w.org\/{rel}","templated":true}]}}